{"id":5572,"date":"2018-10-21T07:55:25","date_gmt":"2018-10-21T07:55:25","guid":{"rendered":"https:\/\/tigare2.salesdom.ee\/?post_type=product&#038;p=5572"},"modified":"2022-08-26T08:53:46","modified_gmt":"2022-08-26T08:53:46","slug":"koidetav-kiletasku-a4-kuljelt-laikiv-100tk","status":"publish","type":"product","link":"https:\/\/tigare2.salesdom.ee\/en\/toode\/koidetav-kiletasku-a4-kuljelt-laikiv-100tk\/","title":{"rendered":"(Eesti) K\u00f6idetav kiletasku A4 k\u00fcljelt, l\u00e4ikiv 100tk"},"content":{"rendered":"","protected":false},"excerpt":{"rendered":"","protected":false},"featured_media":5573,"comment_status":"open","ping_status":"closed","template":"","meta":[],"product_cat":[153],"product_tag":[],"class_list":["post-5572","product","type-product","status-publish","has-post-thumbnail","hentry","product_cat-kiletaskud"],"_links":{"self":[{"href":"https:\/\/tigare2.salesdom.ee\/en\/wp-json\/wp\/v2\/product\/5572","targetHints":{"allow":["GET"]}}],"collection":[{"href":"https:\/\/tigare2.salesdom.ee\/en\/wp-json\/wp\/v2\/product"}],"about":[{"href":"https:\/\/tigare2.salesdom.ee\/en\/wp-json\/wp\/v2\/types\/product"}],"replies":[{"embeddable":true,"href":"https:\/\/tigare2.salesdom.ee\/en\/wp-json\/wp\/v2\/comments?post=5572"}],"wp:featuredmedia":[{"embeddable":true,"href":"https:\/\/tigare2.salesdom.ee\/en\/wp-json\/wp\/v2\/media\/5573"}],"wp:attachment":[{"href":"https:\/\/tigare2.salesdom.ee\/en\/wp-json\/wp\/v2\/media?parent=5572"}],"wp:term":[{"taxonomy":"product_cat","embeddable":true,"href":"https:\/\/tigare2.salesdom.ee\/en\/wp-json\/wp\/v2\/product_cat?post=5572"},{"taxonomy":"product_tag","embeddable":true,"href":"https:\/\/tigare2.salesdom.ee\/en\/wp-json\/wp\/v2\/product_tag?post=5572"}],"curies":[{"name":"wp","href":"https:\/\/api.w.org\/{rel}","templated":true}]}}