{"id":4900,"date":"2018-10-06T14:33:11","date_gmt":"2018-10-06T14:33:11","guid":{"rendered":"https:\/\/tigare2.salesdom.ee\/?post_type=product&#038;p=4900"},"modified":"2022-08-26T08:52:27","modified_gmt":"2022-08-26T08:52:27","slug":"noopnoelad-100tk-wedo","status":"publish","type":"product","link":"https:\/\/tigare2.salesdom.ee\/en\/toode\/noopnoelad-100tk-wedo\/","title":{"rendered":"(Eesti) N\u00f6\u00f6pn\u00f5elad 100tk Wedo"},"content":{"rendered":"","protected":false},"excerpt":{"rendered":"","protected":false},"featured_media":4901,"comment_status":"open","ping_status":"closed","template":"","meta":[],"product_cat":[134],"product_tag":[],"class_list":["post-4900","product","type-product","status-publish","has-post-thumbnail","hentry","product_cat-korktahvlid-ja-tarvikud"],"_links":{"self":[{"href":"https:\/\/tigare2.salesdom.ee\/en\/wp-json\/wp\/v2\/product\/4900","targetHints":{"allow":["GET"]}}],"collection":[{"href":"https:\/\/tigare2.salesdom.ee\/en\/wp-json\/wp\/v2\/product"}],"about":[{"href":"https:\/\/tigare2.salesdom.ee\/en\/wp-json\/wp\/v2\/types\/product"}],"replies":[{"embeddable":true,"href":"https:\/\/tigare2.salesdom.ee\/en\/wp-json\/wp\/v2\/comments?post=4900"}],"wp:featuredmedia":[{"embeddable":true,"href":"https:\/\/tigare2.salesdom.ee\/en\/wp-json\/wp\/v2\/media\/4901"}],"wp:attachment":[{"href":"https:\/\/tigare2.salesdom.ee\/en\/wp-json\/wp\/v2\/media?parent=4900"}],"wp:term":[{"taxonomy":"product_cat","embeddable":true,"href":"https:\/\/tigare2.salesdom.ee\/en\/wp-json\/wp\/v2\/product_cat?post=4900"},{"taxonomy":"product_tag","embeddable":true,"href":"https:\/\/tigare2.salesdom.ee\/en\/wp-json\/wp\/v2\/product_tag?post=4900"}],"curies":[{"name":"wp","href":"https:\/\/api.w.org\/{rel}","templated":true}]}}