{"id":4810,"date":"2018-10-05T19:06:11","date_gmt":"2018-10-05T19:06:11","guid":{"rendered":"https:\/\/tigare2.salesdom.ee\/?post_type=product&#038;p=4810"},"modified":"2022-08-26T08:52:15","modified_gmt":"2022-08-26T08:52:15","slug":"auto-draft-03mm-labipaistev-100tk-pakis","status":"publish","type":"product","link":"https:\/\/tigare2.salesdom.ee\/en\/toode\/auto-draft-03mm-labipaistev-100tk-pakis\/","title":{"rendered":"(Eesti) Kammk\u00f6ite esikaaned A4 l\u00e4bipaistev &#8211; 0,3mm l\u00e4bipaistev 100tk pakis"},"content":{"rendered":"","protected":false},"excerpt":{"rendered":"<p>vali paksus: 0,3mm l\u00e4bipaistev 100tk pakis<\/p>\n","protected":false},"featured_media":0,"comment_status":"closed","ping_status":"closed","template":"","meta":[],"product_cat":[],"product_tag":[],"class_list":["post-4810","product","type-product","status-publish","hentry"],"_links":{"self":[{"href":"https:\/\/tigare2.salesdom.ee\/en\/wp-json\/wp\/v2\/product\/4810","targetHints":{"allow":["GET"]}}],"collection":[{"href":"https:\/\/tigare2.salesdom.ee\/en\/wp-json\/wp\/v2\/product"}],"about":[{"href":"https:\/\/tigare2.salesdom.ee\/en\/wp-json\/wp\/v2\/types\/product"}],"replies":[{"embeddable":true,"href":"https:\/\/tigare2.salesdom.ee\/en\/wp-json\/wp\/v2\/comments?post=4810"}],"wp:attachment":[{"href":"https:\/\/tigare2.salesdom.ee\/en\/wp-json\/wp\/v2\/media?parent=4810"}],"wp:term":[{"taxonomy":"product_cat","embeddable":true,"href":"https:\/\/tigare2.salesdom.ee\/en\/wp-json\/wp\/v2\/product_cat?post=4810"},{"taxonomy":"product_tag","embeddable":true,"href":"https:\/\/tigare2.salesdom.ee\/en\/wp-json\/wp\/v2\/product_tag?post=4810"}],"curies":[{"name":"wp","href":"https:\/\/api.w.org\/{rel}","templated":true}]}}