{"id":4519,"date":"2018-09-30T17:57:45","date_gmt":"2018-09-30T17:57:45","guid":{"rendered":"https:\/\/tigare2.salesdom.ee\/?post_type=product&#038;p=4519"},"modified":"2022-08-26T08:50:41","modified_gmt":"2022-08-26T08:50:41","slug":"soidupaevik-112lk-kova-kaas-kaardikoide","status":"publish","type":"product","link":"https:\/\/tigare2.salesdom.ee\/en\/toode\/soidupaevik-112lk-kova-kaas-kaardikoide\/","title":{"rendered":"(Eesti) S\u00f5idup\u00e4evik 112lk, k\u00f5va kaas, kaardik\u00f6ide"},"content":{"rendered":"","protected":false},"excerpt":{"rendered":"","protected":false},"featured_media":4520,"comment_status":"open","ping_status":"closed","template":"","meta":[],"product_cat":[125],"product_tag":[],"class_list":["post-4519","product","type-product","status-publish","has-post-thumbnail","hentry","product_cat-blanketid-raamatuna"],"_links":{"self":[{"href":"https:\/\/tigare2.salesdom.ee\/en\/wp-json\/wp\/v2\/product\/4519","targetHints":{"allow":["GET"]}}],"collection":[{"href":"https:\/\/tigare2.salesdom.ee\/en\/wp-json\/wp\/v2\/product"}],"about":[{"href":"https:\/\/tigare2.salesdom.ee\/en\/wp-json\/wp\/v2\/types\/product"}],"replies":[{"embeddable":true,"href":"https:\/\/tigare2.salesdom.ee\/en\/wp-json\/wp\/v2\/comments?post=4519"}],"wp:featuredmedia":[{"embeddable":true,"href":"https:\/\/tigare2.salesdom.ee\/en\/wp-json\/wp\/v2\/media\/4520"}],"wp:attachment":[{"href":"https:\/\/tigare2.salesdom.ee\/en\/wp-json\/wp\/v2\/media?parent=4519"}],"wp:term":[{"taxonomy":"product_cat","embeddable":true,"href":"https:\/\/tigare2.salesdom.ee\/en\/wp-json\/wp\/v2\/product_cat?post=4519"},{"taxonomy":"product_tag","embeddable":true,"href":"https:\/\/tigare2.salesdom.ee\/en\/wp-json\/wp\/v2\/product_tag?post=4519"}],"curies":[{"name":"wp","href":"https:\/\/api.w.org\/{rel}","templated":true}]}}