{"id":4517,"date":"2018-09-30T17:55:45","date_gmt":"2018-09-30T17:55:45","guid":{"rendered":"https:\/\/tigare2.salesdom.ee\/?post_type=product&#038;p=4517"},"modified":"2022-08-26T08:50:40","modified_gmt":"2022-08-26T08:50:40","slug":"soidupaevik-112lk-spiraalkoide-kaardikoide","status":"publish","type":"product","link":"https:\/\/tigare2.salesdom.ee\/en\/toode\/soidupaevik-112lk-spiraalkoide-kaardikoide\/","title":{"rendered":"(Eesti) S\u00f5idup\u00e4evik 112lk, spiraalk\u00f6ide, kaardik\u00f6ide"},"content":{"rendered":"<p class=\"qtranxs-available-languages-message qtranxs-available-languages-message-en\">Sorry, this entry is only available in <a href=\"https:\/\/tigare2.salesdom.ee\/et\/wp-json\/wp\/v2\/product\/4517\" class=\"qtranxs-available-language-link qtranxs-available-language-link-et\" title=\"Eesti\">Eesti<\/a>.<\/p>","protected":false},"excerpt":{"rendered":"<p>Sorry, this entry is only available in Eesti.<\/p>\n","protected":false},"featured_media":4518,"comment_status":"open","ping_status":"closed","template":"","meta":[],"product_cat":[125],"product_tag":[],"class_list":["post-4517","product","type-product","status-publish","has-post-thumbnail","hentry","product_cat-blanketid-raamatuna"],"_links":{"self":[{"href":"https:\/\/tigare2.salesdom.ee\/en\/wp-json\/wp\/v2\/product\/4517","targetHints":{"allow":["GET"]}}],"collection":[{"href":"https:\/\/tigare2.salesdom.ee\/en\/wp-json\/wp\/v2\/product"}],"about":[{"href":"https:\/\/tigare2.salesdom.ee\/en\/wp-json\/wp\/v2\/types\/product"}],"replies":[{"embeddable":true,"href":"https:\/\/tigare2.salesdom.ee\/en\/wp-json\/wp\/v2\/comments?post=4517"}],"wp:featuredmedia":[{"embeddable":true,"href":"https:\/\/tigare2.salesdom.ee\/en\/wp-json\/wp\/v2\/media\/4518"}],"wp:attachment":[{"href":"https:\/\/tigare2.salesdom.ee\/en\/wp-json\/wp\/v2\/media?parent=4517"}],"wp:term":[{"taxonomy":"product_cat","embeddable":true,"href":"https:\/\/tigare2.salesdom.ee\/en\/wp-json\/wp\/v2\/product_cat?post=4517"},{"taxonomy":"product_tag","embeddable":true,"href":"https:\/\/tigare2.salesdom.ee\/en\/wp-json\/wp\/v2\/product_tag?post=4517"}],"curies":[{"name":"wp","href":"https:\/\/api.w.org\/{rel}","templated":true}]}}