{"id":4475,"date":"2018-09-30T16:23:37","date_gmt":"2018-09-30T16:23:37","guid":{"rendered":"https:\/\/tigare2.salesdom.ee\/?post_type=product&#038;p=4475"},"modified":"2022-08-26T08:50:31","modified_gmt":"2022-08-26T08:50:31","slug":"arve-muugitsekk-a6-laiuti-100-lehte","status":"publish","type":"product","link":"https:\/\/tigare2.salesdom.ee\/en\/toode\/arve-muugitsekk-a6-laiuti-100-lehte\/","title":{"rendered":"(Eesti) Arve-m\u00fc\u00fcgit\u0161ekk A6, laiuti, 100 lehte"},"content":{"rendered":"<p class=\"qtranxs-available-languages-message qtranxs-available-languages-message-en\">Sorry, this entry is only available in <a href=\"https:\/\/tigare2.salesdom.ee\/et\/wp-json\/wp\/v2\/product\/4475\" class=\"qtranxs-available-language-link qtranxs-available-language-link-et\" title=\"Eesti\">Eesti<\/a>.<\/p>","protected":false},"excerpt":{"rendered":"<p>Sorry, this entry is only available in Eesti.<\/p>\n","protected":false},"featured_media":4476,"comment_status":"open","ping_status":"closed","template":"","meta":[],"product_cat":[123],"product_tag":[],"class_list":["post-4475","product","type-product","status-publish","has-post-thumbnail","hentry","product_cat-kviitungid-arved"],"_links":{"self":[{"href":"https:\/\/tigare2.salesdom.ee\/en\/wp-json\/wp\/v2\/product\/4475","targetHints":{"allow":["GET"]}}],"collection":[{"href":"https:\/\/tigare2.salesdom.ee\/en\/wp-json\/wp\/v2\/product"}],"about":[{"href":"https:\/\/tigare2.salesdom.ee\/en\/wp-json\/wp\/v2\/types\/product"}],"replies":[{"embeddable":true,"href":"https:\/\/tigare2.salesdom.ee\/en\/wp-json\/wp\/v2\/comments?post=4475"}],"wp:featuredmedia":[{"embeddable":true,"href":"https:\/\/tigare2.salesdom.ee\/en\/wp-json\/wp\/v2\/media\/4476"}],"wp:attachment":[{"href":"https:\/\/tigare2.salesdom.ee\/en\/wp-json\/wp\/v2\/media?parent=4475"}],"wp:term":[{"taxonomy":"product_cat","embeddable":true,"href":"https:\/\/tigare2.salesdom.ee\/en\/wp-json\/wp\/v2\/product_cat?post=4475"},{"taxonomy":"product_tag","embeddable":true,"href":"https:\/\/tigare2.salesdom.ee\/en\/wp-json\/wp\/v2\/product_tag?post=4475"}],"curies":[{"name":"wp","href":"https:\/\/api.w.org\/{rel}","templated":true}]}}