{"id":4127,"date":"2018-09-28T16:29:08","date_gmt":"2018-09-28T16:29:08","guid":{"rendered":"https:\/\/tigare2.salesdom.ee\/?post_type=product&#038;p=4127"},"modified":"2022-08-26T08:52:43","modified_gmt":"2022-08-26T08:52:43","slug":"taskumarkmik-mini-spiraalkoide-lux-kaaned-koik-kaanevarvid","status":"publish","type":"product","link":"https:\/\/tigare2.salesdom.ee\/en\/toode\/taskumarkmik-mini-spiraalkoide-lux-kaaned-koik-kaanevarvid\/","title":{"rendered":"(Eesti) Taskum\u00e4rkmik Mini, spiraalk\u00f6ide, LUX kaaned, kunstnahk, k\u00f5ik kaanev\u00e4rvid"},"content":{"rendered":"<p class=\"qtranxs-available-languages-message qtranxs-available-languages-message-en\">Sorry, this entry is only available in <a href=\"https:\/\/tigare2.salesdom.ee\/et\/wp-json\/wp\/v2\/product\/4127\" class=\"qtranxs-available-language-link qtranxs-available-language-link-et\" title=\"Eesti\">Eesti<\/a>.<\/p>","protected":false},"excerpt":{"rendered":"<p>Sorry, this entry is only available in Eesti.<\/p>\n","protected":false},"featured_media":4128,"comment_status":"open","ping_status":"closed","template":"","meta":[],"product_cat":[115],"product_tag":[],"class_list":["post-4127","product","type-product","status-publish","has-post-thumbnail","hentry","product_cat-taskukalendrid"],"_links":{"self":[{"href":"https:\/\/tigare2.salesdom.ee\/en\/wp-json\/wp\/v2\/product\/4127","targetHints":{"allow":["GET"]}}],"collection":[{"href":"https:\/\/tigare2.salesdom.ee\/en\/wp-json\/wp\/v2\/product"}],"about":[{"href":"https:\/\/tigare2.salesdom.ee\/en\/wp-json\/wp\/v2\/types\/product"}],"replies":[{"embeddable":true,"href":"https:\/\/tigare2.salesdom.ee\/en\/wp-json\/wp\/v2\/comments?post=4127"}],"wp:featuredmedia":[{"embeddable":true,"href":"https:\/\/tigare2.salesdom.ee\/en\/wp-json\/wp\/v2\/media\/4128"}],"wp:attachment":[{"href":"https:\/\/tigare2.salesdom.ee\/en\/wp-json\/wp\/v2\/media?parent=4127"}],"wp:term":[{"taxonomy":"product_cat","embeddable":true,"href":"https:\/\/tigare2.salesdom.ee\/en\/wp-json\/wp\/v2\/product_cat?post=4127"},{"taxonomy":"product_tag","embeddable":true,"href":"https:\/\/tigare2.salesdom.ee\/en\/wp-json\/wp\/v2\/product_tag?post=4127"}],"curies":[{"name":"wp","href":"https:\/\/api.w.org\/{rel}","templated":true}]}}