{"id":3885,"date":"2018-09-24T18:41:11","date_gmt":"2018-09-24T18:41:11","guid":{"rendered":"https:\/\/tigare2.salesdom.ee\/?post_type=product&#038;p=3885"},"modified":"2022-08-26T08:46:56","modified_gmt":"2022-08-26T08:46:56","slug":"umbrikud-postfix-1000tk-1-kast-umbrik-c4-229x324-500tk","status":"publish","type":"product","link":"https:\/\/tigare2.salesdom.ee\/en\/toode\/umbrikud-postfix-1000tk-1-kast-umbrik-c4-229x324-500tk\/","title":{"rendered":"(Eesti) \u00dcmbrikud Postfix 1000tk 1 kast  &#8211; \u00fcmbrik C4 (229&#215;324) 500tk"},"content":{"rendered":"","protected":false},"excerpt":{"rendered":"<p>Vali suurus: \u00fcmbrik C4 (229&#215;324) 500tk<\/p>\n","protected":false},"featured_media":0,"comment_status":"closed","ping_status":"closed","template":"","meta":[],"product_cat":[],"product_tag":[],"class_list":["post-3885","product","type-product","status-publish","hentry"],"_links":{"self":[{"href":"https:\/\/tigare2.salesdom.ee\/en\/wp-json\/wp\/v2\/product\/3885","targetHints":{"allow":["GET"]}}],"collection":[{"href":"https:\/\/tigare2.salesdom.ee\/en\/wp-json\/wp\/v2\/product"}],"about":[{"href":"https:\/\/tigare2.salesdom.ee\/en\/wp-json\/wp\/v2\/types\/product"}],"replies":[{"embeddable":true,"href":"https:\/\/tigare2.salesdom.ee\/en\/wp-json\/wp\/v2\/comments?post=3885"}],"wp:attachment":[{"href":"https:\/\/tigare2.salesdom.ee\/en\/wp-json\/wp\/v2\/media?parent=3885"}],"wp:term":[{"taxonomy":"product_cat","embeddable":true,"href":"https:\/\/tigare2.salesdom.ee\/en\/wp-json\/wp\/v2\/product_cat?post=3885"},{"taxonomy":"product_tag","embeddable":true,"href":"https:\/\/tigare2.salesdom.ee\/en\/wp-json\/wp\/v2\/product_tag?post=3885"}],"curies":[{"name":"wp","href":"https:\/\/api.w.org\/{rel}","templated":true}]}}