{"id":2666,"date":"2018-09-10T19:27:00","date_gmt":"2018-09-10T19:27:00","guid":{"rendered":"https:\/\/tigare2.salesdom.ee\/?post_type=product&#038;p=2666"},"modified":"2022-08-26T08:42:06","modified_gmt":"2022-08-26T08:42:06","slug":"laualamp-tiross-72led-8w-480-lm-ts-1806-puutetundlik","status":"publish","type":"product","link":"https:\/\/tigare2.salesdom.ee\/en\/toode\/laualamp-tiross-72led-8w-480-lm-ts-1806-puutetundlik\/","title":{"rendered":"(Eesti) Laualamp Tiross 72LED 8W 480 lm TS-1806, puutetundlik"},"content":{"rendered":"<p>[vc_row][vc_column][vc_column_text]Valgusallikas 72 SMD LED v\u00f5imsus 8 W<br \/>\nKolm erinevat valgustemperatuuri 2700K\/ 4000K\/ 7000K<br \/>\nPuutetundlik l\u00fclitus<br \/>\n4 valgusastet<br \/>\nSujuv valguse tugevuse reguleerimine<br \/>\nAutomaatne v\u00e4ljal\u00fclitumise v\u00f5imalus 60 minuti m\u00f6\u00f6dudes<br \/>\nToide 100-240V, 50-60Hz[\/vc_column_text][\/vc_column][\/vc_row]<\/p>\n","protected":false},"excerpt":{"rendered":"","protected":false},"featured_media":2878,"comment_status":"open","ping_status":"closed","template":"","meta":[],"product_cat":[71],"product_tag":[],"class_list":["post-2666","product","type-product","status-publish","has-post-thumbnail","hentry","product_cat-valgustid"],"_links":{"self":[{"href":"https:\/\/tigare2.salesdom.ee\/en\/wp-json\/wp\/v2\/product\/2666","targetHints":{"allow":["GET"]}}],"collection":[{"href":"https:\/\/tigare2.salesdom.ee\/en\/wp-json\/wp\/v2\/product"}],"about":[{"href":"https:\/\/tigare2.salesdom.ee\/en\/wp-json\/wp\/v2\/types\/product"}],"replies":[{"embeddable":true,"href":"https:\/\/tigare2.salesdom.ee\/en\/wp-json\/wp\/v2\/comments?post=2666"}],"wp:featuredmedia":[{"embeddable":true,"href":"https:\/\/tigare2.salesdom.ee\/en\/wp-json\/wp\/v2\/media\/2878"}],"wp:attachment":[{"href":"https:\/\/tigare2.salesdom.ee\/en\/wp-json\/wp\/v2\/media?parent=2666"}],"wp:term":[{"taxonomy":"product_cat","embeddable":true,"href":"https:\/\/tigare2.salesdom.ee\/en\/wp-json\/wp\/v2\/product_cat?post=2666"},{"taxonomy":"product_tag","embeddable":true,"href":"https:\/\/tigare2.salesdom.ee\/en\/wp-json\/wp\/v2\/product_tag?post=2666"}],"curies":[{"name":"wp","href":"https:\/\/api.w.org\/{rel}","templated":true}]}}